{"id":32,"date":"2019-12-23T14:52:24","date_gmt":"2019-12-23T13:52:24","guid":{"rendered":"http:\/\/hof-greulich.de\/?page_id=32"},"modified":"2019-12-23T16:44:06","modified_gmt":"2019-12-23T15:44:06","slug":"leistungen","status":"publish","type":"page","link":"https:\/\/hof-greulich.de\/","title":{"rendered":"Leistungen"},"content":{"rendered":"\n<div class=\"wp-block-group\"><div class=\"wp-block-group__inner-container is-layout-flow wp-block-group-is-layout-flow\">\n<p><strong>Wir bieten alles rund um die Heu- und Strohgewinnung.<\/strong><\/p>\n\n\n\n<p><strong>Mit Profitechnik f\u00fcr Stroh, Heu und Silage. Ideal f\u00fcr den Pferdebedarf.<\/strong><\/p>\n<\/div><\/div>\n\n\n\n<ul class=\"wp-block-list\"><li>M\u00e4hen<\/li><li>Wenden<\/li><li>Schwaden<\/li><li>Pressen<\/li><li>Wickeln<\/li><\/ul>\n\n\n\n<figure class=\"wp-block-image size-large is-style-circle-mask\"><img loading=\"lazy\" decoding=\"async\" width=\"1024\" height=\"683\" src=\"http:\/\/hof-greulich.de\/wp-content\/uploads\/2019\/12\/20080731_IMG_1404_DXO-1024x683.jpg\" alt=\"\" class=\"wp-image-34\" srcset=\"https:\/\/hof-greulich.de\/wp-content\/uploads\/2019\/12\/20080731_IMG_1404_DXO-1024x683.jpg 1024w, https:\/\/hof-greulich.de\/wp-content\/uploads\/2019\/12\/20080731_IMG_1404_DXO-300x200.jpg 300w, https:\/\/hof-greulich.de\/wp-content\/uploads\/2019\/12\/20080731_IMG_1404_DXO-768x512.jpg 768w, https:\/\/hof-greulich.de\/wp-content\/uploads\/2019\/12\/20080731_IMG_1404_DXO-1536x1024.jpg 1536w, https:\/\/hof-greulich.de\/wp-content\/uploads\/2019\/12\/20080731_IMG_1404_DXO-2048x1365.jpg 2048w\" sizes=\"auto, (max-width: 1024px) 100vw, 1024px\" \/><\/figure>\n","protected":false},"excerpt":{"rendered":"<p>Wir bieten alles rund um die Heu- und Strohgewinnung. Mit Profitechnik f\u00fcr Stroh, Heu und Silage. Ideal f\u00fcr den Pferdebedarf. M\u00e4hen Wenden Schwaden Pressen Wickeln<\/p>\n","protected":false},"author":1,"featured_media":36,"parent":0,"menu_order":1,"comment_status":"closed","ping_status":"closed","template":"","meta":{"footnotes":""},"class_list":["post-32","page","type-page","status-publish","has-post-thumbnail","hentry"],"yoast_head":"<!-- This site is optimized with the Yoast SEO plugin v27.3 - https:\/\/yoast.com\/product\/yoast-seo-wordpress\/ -->\n<title>Leistungen - Landwirtschaftsbetrieb Greulich<\/title>\n<meta name=\"robots\" content=\"index, follow, max-snippet:-1, max-image-preview:large, max-video-preview:-1\" \/>\n<link rel=\"canonical\" href=\"https:\/\/hof-greulich.de\/\" \/>\n<meta property=\"og:locale\" content=\"de_DE\" \/>\n<meta property=\"og:type\" content=\"article\" \/>\n<meta property=\"og:title\" content=\"Leistungen - Landwirtschaftsbetrieb Greulich\" \/>\n<meta property=\"og:description\" content=\"Wir bieten alles rund um die Heu- und Strohgewinnung. Mit Profitechnik f\u00fcr Stroh, Heu und Silage. Ideal f\u00fcr den Pferdebedarf. M\u00e4hen Wenden Schwaden Pressen Wickeln\" \/>\n<meta property=\"og:url\" content=\"https:\/\/hof-greulich.de\/\" \/>\n<meta property=\"og:site_name\" content=\"Landwirtschaftsbetrieb Greulich\" \/>\n<meta property=\"article:modified_time\" content=\"2019-12-23T15:44:06+00:00\" \/>\n<meta property=\"og:image\" content=\"https:\/\/hof-greulich.de\/wp-content\/uploads\/2019\/12\/Foto-14.12.19-16-07-25-2.jpg\" \/>\n\t<meta property=\"og:image:width\" content=\"1600\" \/>\n\t<meta property=\"og:image:height\" content=\"1200\" \/>\n\t<meta property=\"og:image:type\" content=\"image\/jpeg\" \/>\n<meta name=\"twitter:card\" content=\"summary_large_image\" \/>\n<script type=\"application\/ld+json\" class=\"yoast-schema-graph\">{\"@context\":\"https:\\\/\\\/schema.org\",\"@graph\":[{\"@type\":\"WebPage\",\"@id\":\"https:\\\/\\\/hof-greulich.de\\\/\",\"url\":\"https:\\\/\\\/hof-greulich.de\\\/\",\"name\":\"Leistungen - Landwirtschaftsbetrieb Greulich\",\"isPartOf\":{\"@id\":\"https:\\\/\\\/hof-greulich.de\\\/#website\"},\"primaryImageOfPage\":{\"@id\":\"https:\\\/\\\/hof-greulich.de\\\/#primaryimage\"},\"image\":{\"@id\":\"https:\\\/\\\/hof-greulich.de\\\/#primaryimage\"},\"thumbnailUrl\":\"https:\\\/\\\/hof-greulich.de\\\/wp-content\\\/uploads\\\/2019\\\/12\\\/Foto-14.12.19-16-07-25-2.jpg\",\"datePublished\":\"2019-12-23T13:52:24+00:00\",\"dateModified\":\"2019-12-23T15:44:06+00:00\",\"breadcrumb\":{\"@id\":\"https:\\\/\\\/hof-greulich.de\\\/#breadcrumb\"},\"inLanguage\":\"de\",\"potentialAction\":[{\"@type\":\"ReadAction\",\"target\":[\"https:\\\/\\\/hof-greulich.de\\\/\"]}]},{\"@type\":\"ImageObject\",\"inLanguage\":\"de\",\"@id\":\"https:\\\/\\\/hof-greulich.de\\\/#primaryimage\",\"url\":\"https:\\\/\\\/hof-greulich.de\\\/wp-content\\\/uploads\\\/2019\\\/12\\\/Foto-14.12.19-16-07-25-2.jpg\",\"contentUrl\":\"https:\\\/\\\/hof-greulich.de\\\/wp-content\\\/uploads\\\/2019\\\/12\\\/Foto-14.12.19-16-07-25-2.jpg\",\"width\":1600,\"height\":1200},{\"@type\":\"BreadcrumbList\",\"@id\":\"https:\\\/\\\/hof-greulich.de\\\/#breadcrumb\",\"itemListElement\":[{\"@type\":\"ListItem\",\"position\":1,\"name\":\"Startseite\",\"item\":\"https:\\\/\\\/hof-greulich.de\\\/\"},{\"@type\":\"ListItem\",\"position\":2,\"name\":\"Leistungen\"}]},{\"@type\":\"WebSite\",\"@id\":\"https:\\\/\\\/hof-greulich.de\\\/#website\",\"url\":\"https:\\\/\\\/hof-greulich.de\\\/\",\"name\":\"Landwirtschaftsbetrieb Greulich\",\"description\":\"\",\"publisher\":{\"@id\":\"https:\\\/\\\/hof-greulich.de\\\/#organization\"},\"potentialAction\":[{\"@type\":\"SearchAction\",\"target\":{\"@type\":\"EntryPoint\",\"urlTemplate\":\"https:\\\/\\\/hof-greulich.de\\\/?s={search_term_string}\"},\"query-input\":{\"@type\":\"PropertyValueSpecification\",\"valueRequired\":true,\"valueName\":\"search_term_string\"}}],\"inLanguage\":\"de\"},{\"@type\":\"Organization\",\"@id\":\"https:\\\/\\\/hof-greulich.de\\\/#organization\",\"name\":\"Landwirtschaftsbetrieb Greulich\",\"url\":\"https:\\\/\\\/hof-greulich.de\\\/\",\"logo\":{\"@type\":\"ImageObject\",\"inLanguage\":\"de\",\"@id\":\"https:\\\/\\\/hof-greulich.de\\\/#\\\/schema\\\/logo\\\/image\\\/\",\"url\":\"https:\\\/\\\/hof-greulich.de\\\/wp-content\\\/uploads\\\/2019\\\/12\\\/Logo_clean.png\",\"contentUrl\":\"https:\\\/\\\/hof-greulich.de\\\/wp-content\\\/uploads\\\/2019\\\/12\\\/Logo_clean.png\",\"width\":1000,\"height\":1000,\"caption\":\"Landwirtschaftsbetrieb Greulich\"},\"image\":{\"@id\":\"https:\\\/\\\/hof-greulich.de\\\/#\\\/schema\\\/logo\\\/image\\\/\"}}]}<\/script>\n<!-- \/ Yoast SEO plugin. -->","yoast_head_json":{"title":"Leistungen - Landwirtschaftsbetrieb Greulich","robots":{"index":"index","follow":"follow","max-snippet":"max-snippet:-1","max-image-preview":"max-image-preview:large","max-video-preview":"max-video-preview:-1"},"canonical":"https:\/\/hof-greulich.de\/","og_locale":"de_DE","og_type":"article","og_title":"Leistungen - Landwirtschaftsbetrieb Greulich","og_description":"Wir bieten alles rund um die Heu- und Strohgewinnung. Mit Profitechnik f\u00fcr Stroh, Heu und Silage. Ideal f\u00fcr den Pferdebedarf. M\u00e4hen Wenden Schwaden Pressen Wickeln","og_url":"https:\/\/hof-greulich.de\/","og_site_name":"Landwirtschaftsbetrieb Greulich","article_modified_time":"2019-12-23T15:44:06+00:00","og_image":[{"width":1600,"height":1200,"url":"https:\/\/hof-greulich.de\/wp-content\/uploads\/2019\/12\/Foto-14.12.19-16-07-25-2.jpg","type":"image\/jpeg"}],"twitter_card":"summary_large_image","schema":{"@context":"https:\/\/schema.org","@graph":[{"@type":"WebPage","@id":"https:\/\/hof-greulich.de\/","url":"https:\/\/hof-greulich.de\/","name":"Leistungen - Landwirtschaftsbetrieb Greulich","isPartOf":{"@id":"https:\/\/hof-greulich.de\/#website"},"primaryImageOfPage":{"@id":"https:\/\/hof-greulich.de\/#primaryimage"},"image":{"@id":"https:\/\/hof-greulich.de\/#primaryimage"},"thumbnailUrl":"https:\/\/hof-greulich.de\/wp-content\/uploads\/2019\/12\/Foto-14.12.19-16-07-25-2.jpg","datePublished":"2019-12-23T13:52:24+00:00","dateModified":"2019-12-23T15:44:06+00:00","breadcrumb":{"@id":"https:\/\/hof-greulich.de\/#breadcrumb"},"inLanguage":"de","potentialAction":[{"@type":"ReadAction","target":["https:\/\/hof-greulich.de\/"]}]},{"@type":"ImageObject","inLanguage":"de","@id":"https:\/\/hof-greulich.de\/#primaryimage","url":"https:\/\/hof-greulich.de\/wp-content\/uploads\/2019\/12\/Foto-14.12.19-16-07-25-2.jpg","contentUrl":"https:\/\/hof-greulich.de\/wp-content\/uploads\/2019\/12\/Foto-14.12.19-16-07-25-2.jpg","width":1600,"height":1200},{"@type":"BreadcrumbList","@id":"https:\/\/hof-greulich.de\/#breadcrumb","itemListElement":[{"@type":"ListItem","position":1,"name":"Startseite","item":"https:\/\/hof-greulich.de\/"},{"@type":"ListItem","position":2,"name":"Leistungen"}]},{"@type":"WebSite","@id":"https:\/\/hof-greulich.de\/#website","url":"https:\/\/hof-greulich.de\/","name":"Landwirtschaftsbetrieb Greulich","description":"","publisher":{"@id":"https:\/\/hof-greulich.de\/#organization"},"potentialAction":[{"@type":"SearchAction","target":{"@type":"EntryPoint","urlTemplate":"https:\/\/hof-greulich.de\/?s={search_term_string}"},"query-input":{"@type":"PropertyValueSpecification","valueRequired":true,"valueName":"search_term_string"}}],"inLanguage":"de"},{"@type":"Organization","@id":"https:\/\/hof-greulich.de\/#organization","name":"Landwirtschaftsbetrieb Greulich","url":"https:\/\/hof-greulich.de\/","logo":{"@type":"ImageObject","inLanguage":"de","@id":"https:\/\/hof-greulich.de\/#\/schema\/logo\/image\/","url":"https:\/\/hof-greulich.de\/wp-content\/uploads\/2019\/12\/Logo_clean.png","contentUrl":"https:\/\/hof-greulich.de\/wp-content\/uploads\/2019\/12\/Logo_clean.png","width":1000,"height":1000,"caption":"Landwirtschaftsbetrieb Greulich"},"image":{"@id":"https:\/\/hof-greulich.de\/#\/schema\/logo\/image\/"}}]}},"_links":{"self":[{"href":"https:\/\/hof-greulich.de\/index.php?rest_route=\/wp\/v2\/pages\/32","targetHints":{"allow":["GET"]}}],"collection":[{"href":"https:\/\/hof-greulich.de\/index.php?rest_route=\/wp\/v2\/pages"}],"about":[{"href":"https:\/\/hof-greulich.de\/index.php?rest_route=\/wp\/v2\/types\/page"}],"author":[{"embeddable":true,"href":"https:\/\/hof-greulich.de\/index.php?rest_route=\/wp\/v2\/users\/1"}],"replies":[{"embeddable":true,"href":"https:\/\/hof-greulich.de\/index.php?rest_route=%2Fwp%2Fv2%2Fcomments&post=32"}],"version-history":[{"count":2,"href":"https:\/\/hof-greulich.de\/index.php?rest_route=\/wp\/v2\/pages\/32\/revisions"}],"predecessor-version":[{"id":35,"href":"https:\/\/hof-greulich.de\/index.php?rest_route=\/wp\/v2\/pages\/32\/revisions\/35"}],"wp:featuredmedia":[{"embeddable":true,"href":"https:\/\/hof-greulich.de\/index.php?rest_route=\/wp\/v2\/media\/36"}],"wp:attachment":[{"href":"https:\/\/hof-greulich.de\/index.php?rest_route=%2Fwp%2Fv2%2Fmedia&parent=32"}],"curies":[{"name":"wp","href":"https:\/\/api.w.org\/{rel}","templated":true}]}}