{"id":24,"date":"2019-12-23T14:58:57","date_gmt":"2019-12-23T13:58:57","guid":{"rendered":"http:\/\/hof-greulich.de\/?page_id=24"},"modified":"2020-02-02T17:30:33","modified_gmt":"2020-02-02T16:30:33","slug":"impressum","status":"publish","type":"page","link":"https:\/\/hof-greulich.de\/?page_id=24","title":{"rendered":"Impressum"},"content":{"rendered":"\n<p>Diese Internetseite wird betrieben von:<br>Landwirtschaftsbetrieb Dennis Greulich<br>Strocken 20<br>04720 Gro\u00dfweitzschen<br>Telefon: +49 (0) 162 254 3216<br>E-Mail: info (at) hof-greulich.de<br>USt-IdNr.: DExXxXxXxXxX<\/p>\n\n\n\n<h2 class=\"wp-block-heading\">Redaktion und Inhalt<\/h2>\n\n\n\n<p>Landwirtschaftsbetrieb Dennis Greulich<br>Strocken 20<br>04720 Gro\u00dfweitzschen<br>Telefon: +49 (0) 162 254 3216<\/p>\n\n\n\n<h2 class=\"wp-block-heading\">Fotografie:<\/h2>\n\n\n\n<p>Dennis Greulich (Details)<br>Kay Steude (Details)<br><\/p>\n\n\n\n<h2 class=\"wp-block-heading\">Verwendung der Adresse und Kommunikationsdaten<\/h2>\n\n\n\n<p>Einer Verwendung, das hei\u00dft Verarbeitung, Speicherung und Ver\u00f6ffentlichung der Kommunikationsdaten, z.B. in Adress- und Branchenb\u00fcchern, Online-Verzeichnissen, wird ausdr\u00fccklich widersprochen; dies wird als Versto\u00df gegen das Bundesdatenschutzgesetz und Verletzung der Pers\u00f6nlichkeitsrechte angesehen. Bei Verst\u00f6\u00dfen werden rechtliche Schritte mit entsprechenden Schadenersatzforderungen eingeleitet.<\/p>\n","protected":false},"excerpt":{"rendered":"<p>Diese Internetseite wird betrieben von:Landwirtschaftsbetrieb Dennis GreulichStrocken 2004720 Gro\u00dfweitzschenTelefon: +49 (0) 162 254 3216E-Mail: info (at) hof-greulich.deUSt-IdNr.: DExXxXxXxXxX Redaktion und Inhalt Landwirtschaftsbetrieb Dennis GreulichStrocken 2004720 Gro\u00dfweitzschenTelefon: +49 (0) 162 254 3216 Fotografie: Dennis Greulich (Details)Kay Steude (Details) Verwendung der Adresse<\/p>\n","protected":false},"author":1,"featured_media":0,"parent":0,"menu_order":4,"comment_status":"closed","ping_status":"closed","template":"","meta":{"footnotes":""},"class_list":["post-24","page","type-page","status-publish","hentry"],"yoast_head":"<!-- This site is optimized with the Yoast SEO plugin v27.3 - https:\/\/yoast.com\/product\/yoast-seo-wordpress\/ -->\n<title>Impressum - Landwirtschaftsbetrieb Greulich<\/title>\n<meta name=\"robots\" content=\"index, follow, max-snippet:-1, max-image-preview:large, max-video-preview:-1\" \/>\n<link rel=\"canonical\" href=\"https:\/\/hof-greulich.de\/?page_id=24\" \/>\n<meta property=\"og:locale\" content=\"de_DE\" \/>\n<meta property=\"og:type\" content=\"article\" \/>\n<meta property=\"og:title\" content=\"Impressum - Landwirtschaftsbetrieb Greulich\" \/>\n<meta property=\"og:description\" content=\"Diese Internetseite wird betrieben von:Landwirtschaftsbetrieb Dennis GreulichStrocken 2004720 Gro\u00dfweitzschenTelefon: +49 (0) 162 254 3216E-Mail: info (at) hof-greulich.deUSt-IdNr.: DExXxXxXxXxX Redaktion und Inhalt Landwirtschaftsbetrieb Dennis GreulichStrocken 2004720 Gro\u00dfweitzschenTelefon: +49 (0) 162 254 3216 Fotografie: Dennis Greulich (Details)Kay Steude (Details) Verwendung der Adresse\" \/>\n<meta property=\"og:url\" content=\"https:\/\/hof-greulich.de\/?page_id=24\" \/>\n<meta property=\"og:site_name\" content=\"Landwirtschaftsbetrieb Greulich\" \/>\n<meta property=\"article:modified_time\" content=\"2020-02-02T16:30:33+00:00\" \/>\n<meta name=\"twitter:card\" content=\"summary_large_image\" \/>\n<script type=\"application\/ld+json\" class=\"yoast-schema-graph\">{\"@context\":\"https:\\\/\\\/schema.org\",\"@graph\":[{\"@type\":\"WebPage\",\"@id\":\"https:\\\/\\\/hof-greulich.de\\\/?page_id=24\",\"url\":\"https:\\\/\\\/hof-greulich.de\\\/?page_id=24\",\"name\":\"Impressum - Landwirtschaftsbetrieb Greulich\",\"isPartOf\":{\"@id\":\"https:\\\/\\\/hof-greulich.de\\\/#website\"},\"datePublished\":\"2019-12-23T13:58:57+00:00\",\"dateModified\":\"2020-02-02T16:30:33+00:00\",\"breadcrumb\":{\"@id\":\"https:\\\/\\\/hof-greulich.de\\\/?page_id=24#breadcrumb\"},\"inLanguage\":\"de\",\"potentialAction\":[{\"@type\":\"ReadAction\",\"target\":[\"https:\\\/\\\/hof-greulich.de\\\/?page_id=24\"]}]},{\"@type\":\"BreadcrumbList\",\"@id\":\"https:\\\/\\\/hof-greulich.de\\\/?page_id=24#breadcrumb\",\"itemListElement\":[{\"@type\":\"ListItem\",\"position\":1,\"name\":\"Startseite\",\"item\":\"https:\\\/\\\/hof-greulich.de\\\/\"},{\"@type\":\"ListItem\",\"position\":2,\"name\":\"Impressum\"}]},{\"@type\":\"WebSite\",\"@id\":\"https:\\\/\\\/hof-greulich.de\\\/#website\",\"url\":\"https:\\\/\\\/hof-greulich.de\\\/\",\"name\":\"Landwirtschaftsbetrieb Greulich\",\"description\":\"\",\"publisher\":{\"@id\":\"https:\\\/\\\/hof-greulich.de\\\/#organization\"},\"potentialAction\":[{\"@type\":\"SearchAction\",\"target\":{\"@type\":\"EntryPoint\",\"urlTemplate\":\"https:\\\/\\\/hof-greulich.de\\\/?s={search_term_string}\"},\"query-input\":{\"@type\":\"PropertyValueSpecification\",\"valueRequired\":true,\"valueName\":\"search_term_string\"}}],\"inLanguage\":\"de\"},{\"@type\":\"Organization\",\"@id\":\"https:\\\/\\\/hof-greulich.de\\\/#organization\",\"name\":\"Landwirtschaftsbetrieb Greulich\",\"url\":\"https:\\\/\\\/hof-greulich.de\\\/\",\"logo\":{\"@type\":\"ImageObject\",\"inLanguage\":\"de\",\"@id\":\"https:\\\/\\\/hof-greulich.de\\\/#\\\/schema\\\/logo\\\/image\\\/\",\"url\":\"https:\\\/\\\/hof-greulich.de\\\/wp-content\\\/uploads\\\/2019\\\/12\\\/Logo_clean.png\",\"contentUrl\":\"https:\\\/\\\/hof-greulich.de\\\/wp-content\\\/uploads\\\/2019\\\/12\\\/Logo_clean.png\",\"width\":1000,\"height\":1000,\"caption\":\"Landwirtschaftsbetrieb Greulich\"},\"image\":{\"@id\":\"https:\\\/\\\/hof-greulich.de\\\/#\\\/schema\\\/logo\\\/image\\\/\"}}]}<\/script>\n<!-- \/ Yoast SEO plugin. -->","yoast_head_json":{"title":"Impressum - Landwirtschaftsbetrieb Greulich","robots":{"index":"index","follow":"follow","max-snippet":"max-snippet:-1","max-image-preview":"max-image-preview:large","max-video-preview":"max-video-preview:-1"},"canonical":"https:\/\/hof-greulich.de\/?page_id=24","og_locale":"de_DE","og_type":"article","og_title":"Impressum - Landwirtschaftsbetrieb Greulich","og_description":"Diese Internetseite wird betrieben von:Landwirtschaftsbetrieb Dennis GreulichStrocken 2004720 Gro\u00dfweitzschenTelefon: +49 (0) 162 254 3216E-Mail: info (at) hof-greulich.deUSt-IdNr.: DExXxXxXxXxX Redaktion und Inhalt Landwirtschaftsbetrieb Dennis GreulichStrocken 2004720 Gro\u00dfweitzschenTelefon: +49 (0) 162 254 3216 Fotografie: Dennis Greulich (Details)Kay Steude (Details) Verwendung der Adresse","og_url":"https:\/\/hof-greulich.de\/?page_id=24","og_site_name":"Landwirtschaftsbetrieb Greulich","article_modified_time":"2020-02-02T16:30:33+00:00","twitter_card":"summary_large_image","schema":{"@context":"https:\/\/schema.org","@graph":[{"@type":"WebPage","@id":"https:\/\/hof-greulich.de\/?page_id=24","url":"https:\/\/hof-greulich.de\/?page_id=24","name":"Impressum - Landwirtschaftsbetrieb Greulich","isPartOf":{"@id":"https:\/\/hof-greulich.de\/#website"},"datePublished":"2019-12-23T13:58:57+00:00","dateModified":"2020-02-02T16:30:33+00:00","breadcrumb":{"@id":"https:\/\/hof-greulich.de\/?page_id=24#breadcrumb"},"inLanguage":"de","potentialAction":[{"@type":"ReadAction","target":["https:\/\/hof-greulich.de\/?page_id=24"]}]},{"@type":"BreadcrumbList","@id":"https:\/\/hof-greulich.de\/?page_id=24#breadcrumb","itemListElement":[{"@type":"ListItem","position":1,"name":"Startseite","item":"https:\/\/hof-greulich.de\/"},{"@type":"ListItem","position":2,"name":"Impressum"}]},{"@type":"WebSite","@id":"https:\/\/hof-greulich.de\/#website","url":"https:\/\/hof-greulich.de\/","name":"Landwirtschaftsbetrieb Greulich","description":"","publisher":{"@id":"https:\/\/hof-greulich.de\/#organization"},"potentialAction":[{"@type":"SearchAction","target":{"@type":"EntryPoint","urlTemplate":"https:\/\/hof-greulich.de\/?s={search_term_string}"},"query-input":{"@type":"PropertyValueSpecification","valueRequired":true,"valueName":"search_term_string"}}],"inLanguage":"de"},{"@type":"Organization","@id":"https:\/\/hof-greulich.de\/#organization","name":"Landwirtschaftsbetrieb Greulich","url":"https:\/\/hof-greulich.de\/","logo":{"@type":"ImageObject","inLanguage":"de","@id":"https:\/\/hof-greulich.de\/#\/schema\/logo\/image\/","url":"https:\/\/hof-greulich.de\/wp-content\/uploads\/2019\/12\/Logo_clean.png","contentUrl":"https:\/\/hof-greulich.de\/wp-content\/uploads\/2019\/12\/Logo_clean.png","width":1000,"height":1000,"caption":"Landwirtschaftsbetrieb Greulich"},"image":{"@id":"https:\/\/hof-greulich.de\/#\/schema\/logo\/image\/"}}]}},"_links":{"self":[{"href":"https:\/\/hof-greulich.de\/index.php?rest_route=\/wp\/v2\/pages\/24","targetHints":{"allow":["GET"]}}],"collection":[{"href":"https:\/\/hof-greulich.de\/index.php?rest_route=\/wp\/v2\/pages"}],"about":[{"href":"https:\/\/hof-greulich.de\/index.php?rest_route=\/wp\/v2\/types\/page"}],"author":[{"embeddable":true,"href":"https:\/\/hof-greulich.de\/index.php?rest_route=\/wp\/v2\/users\/1"}],"replies":[{"embeddable":true,"href":"https:\/\/hof-greulich.de\/index.php?rest_route=%2Fwp%2Fv2%2Fcomments&post=24"}],"version-history":[{"count":4,"href":"https:\/\/hof-greulich.de\/index.php?rest_route=\/wp\/v2\/pages\/24\/revisions"}],"predecessor-version":[{"id":127,"href":"https:\/\/hof-greulich.de\/index.php?rest_route=\/wp\/v2\/pages\/24\/revisions\/127"}],"wp:attachment":[{"href":"https:\/\/hof-greulich.de\/index.php?rest_route=%2Fwp%2Fv2%2Fmedia&parent=24"}],"curies":[{"name":"wp","href":"https:\/\/api.w.org\/{rel}","templated":true}]}}